{"id":179,"date":"2008-08-21T12:04:59","date_gmt":"2008-08-21T10:04:59","guid":{"rendered":"http:\/\/enredandopalabras.es\/blog\/enredandopalabras\/libros-que-nos-marcaron-para-siempre\/"},"modified":"2008-08-26T19:03:36","modified_gmt":"2008-08-26T17:03:36","slug":"libros-que-nos-marcaron-para-siempre","status":"publish","type":"page","link":"http:\/\/blog.enredandopalabras.es\/?page_id=179","title":{"rendered":"Libros que nos marcaron para siempre."},"content":{"rendered":"<p><\/a><em><strong> OTO\u00d1O CON LORCA<\/strong><\/em><br \/>\nPor<em> MARISA DE LA PE\u00d1A<\/em><\/p>\n<p>Se cumple ahora otro triste aniversario del asesinato de uno de nuestros grandes escritores. Por eso quiero inaugurar esta secci\u00f3n con la influencia que tuvo en m\u00ed la lectura de los <em>Sonetos del amor oscuro <\/em>de Federico Garc\u00eda Lorca.<\/p>\n<p><a href='http:\/\/enredandopalabras.es\/blog\/enredandopalabras\/wp-content\/uploads\/2008\/08\/lorca2.jpg' title='lorca2.jpg'><img src='http:\/\/enredandopalabras.es\/blog\/enredandopalabras\/wp-content\/uploads\/2008\/08\/lorca2.jpg' alt='lorca2.jpg' \/><\/a><\/p>\n<p><em>\u201cTardar\u00e1 mucho tiempo en nacer, si es que nace,<br \/>\nun andaluz tan claro, tan rico de aventura.<br \/>\nYo canto su elegancia con palabras que gimen<br \/>\ny recuerdo una brisa triste por los olivos\u201d<\/em><\/p>\n<p>Mi primer descubrimiento literario cuando llegu\u00e9 a la universidad fueron los <em>Sonetos del amor oscuro<\/em>. Ya conoc\u00eda al Lorca del <em>Romancero gitano<\/em> y de <em>Poeta en  Nueva York<\/em>, pero los <em>Sonetos<\/em> y el <em>Div\u00e1n del Tamarit <\/em>marcaron, junto al museo de Arte Contempor\u00e1neo y a Silvio Rodr\u00edguez, aquel oto\u00f1o de 1986.<br \/>\nLos versos de Lorca se fueron enredando con aquellos d\u00edas de descubrimientos, de presagios, de promesas\u2026<br \/>\nY as\u00ed, los versos y las vivencias van unidos irremediablemente:\u201d<em>Noche arriba los dos con luna llena<\/em>\u201d, (y la lluvia en los parques) ,\u201d<em>llorabas t\u00fa por hondas lejan\u00edas<\/em>\u201d, (y los soportales de Moncloa), \u201c <em>Tengo miedo a perder la maravilla de tus ojos de estatua<\/em>\u201d, (y las paradas de autob\u00fas), \u201d<em>En vano espero tu palabra escrita<\/em>\u201d, (y una chaqueta negra), \u201d<em>No me dejes perder lo que he ganado<\/em>\u201d, (y un abrigo rojo), \u201c<em>Quiero llorar mi pena y te lo digo<\/em>\u201d, (y una bufanda gris), \u201d<em>para que t\u00fa me quieras y me llores<\/em>\u201d ( y un c\u00e1lido abrazo), \u201d<em>con un pu\u00f1al, con besos y contigo<em>\u201d, (y unas manos temblorosas),\u201d <em>Esa guirnalda, pronto, que me muero<\/em>\u201d, (y unos labios reci\u00e9n encontrados) ,\u201d <em>Pero pronto, que unidos, enlazados<\/em>\u201d, (y un deseo detenido en un espejo) ,\u201c<em>boca rota de amor y alma mordida\/el tiempo nos encuentre destrozados<\/em>\u201d.<\/p>\n<p>Al igual que las magdalenas de Proust, cada vez que releo los sonetos o las casidas, vienen a m\u00ed los recuerdos como una bandada de aves migratorias, que , dejando atr\u00e1s el fr\u00edo del olvido, regresan a los c\u00e1lidos humedales de la memoria.<br \/>\n\u2003<\/p>\n<p><em><strong>ALICIA EN EL PA\u00cdS DE LAS MARAVILLAS<\/strong><\/em><br \/>\nPor <em>MARTA L\u00d3PEZ<\/em>.  En su blog <a href=\"http:\/\/eldesvandeloslibros.blogspot.com\/2008\/08\/alicia-en-el-pas-de-las-maravillas.html\">El desv\u00e1n de los libros<\/a> ( Pinchar para ver el art\u00edculo en su sitio original)<\/p>\n<p><a href='http:\/\/enredandopalabras.es\/blog\/enredandopalabras\/wp-content\/uploads\/2008\/08\/alicia2.jpg' title='alicia2.jpg'><img src='http:\/\/enredandopalabras.es\/blog\/enredandopalabras\/wp-content\/uploads\/2008\/08\/alicia2.thumbnail.jpg' alt='alicia2.jpg' \/><\/a><\/p>\n<p>La primera vez que me leyeron el cuento de <em>Alicia en el Pa\u00eds de las Maravillas <\/em>era tan peque\u00f1a que mi padre me ten\u00eda sentada en sus rodillas y los pies me colgaban, ve\u00eda el suelo muy lejos. Me lo ley\u00f3 una tarde de verano, probablemente en agosto, en la cocina de la casa de mi abuela, que es una de esas casas viejas asturianas de aldea que tiene la cocina como primera estancia (entras a ella directamente desde la calle) y es enorme y oscura, con una ventana peque\u00f1a por la que penetra la luz a duras penas. Sentados cerca de esa ventana, me ley\u00f3 mi padre el cuento de Alicia. Era un librito peque\u00f1\u00edsimo, con unas diez hojas llenas de dibujos y donde las aventuras se contaban resumidas al m\u00e1ximo, pero me encant\u00f3. Sol\u00eda jugar despu\u00e9s en la parte trasera de la casa, cerca de una figal (higuera) enorme y viej\u00edsima que fue testigo de todas mis roturas de brazo y mis esguinces (me encantaba escalar). Pensaba que si de alg\u00fan lado iba a salir el conejo blanco que me llevara al mundo en el que hab\u00eda estado Alicia, era de debajo de esa figal, de entre las ra\u00edces que se levantaban del prado, oscuras y retorcidas como los dedos de una bruja. Esa figal estuvo en pie hasta hace unos seis a\u00f1os, cuando un vendaval logr\u00f3 tumbarla. Me pareci\u00f3 gracioso que, al enterarme de lo que le hab\u00eda pasado a la figal, me vinieran a la cabeza el conejo blanco y el gato de Cheshire (a quien siempre imagin\u00e9 descansando sobre sus ramas, desde la primera vez que me leyeron el cuento). <\/p>\n<p>Es especial para m\u00ed este libro porque es el primero que me compr\u00e9 yo. A m\u00ed siempre me regalaron much\u00edsimos libros desde peque\u00f1a. De hecho, siempre me regalaban libros y mu\u00f1ecas, que no me gustaban demasiado. Y una vez me regalaron un cami\u00f3n estupendo y enorme que ten\u00eda un botoncito en la parte delantera para poder cargarlo y descargarlo de piedras. Aun as\u00ed, segu\u00eda prefiriendo los libros. Asunci\u00f3n, una t\u00eda de mi padre que era taca\u00f1\u00edsima y que pensaba que las cosas eran como en sus tiempos, que costaban una perrona, sol\u00eda darme dinero por Reyes y por el cumplea\u00f1os. Una vez se estir\u00f3 y me dio cien pesetas. Yo met\u00eda las monedas en una caja met\u00e1lica de galletas suizas, junto con cromos y las postales que me enviaba mi t\u00eda Lola desde Am\u00e9rica. Lo que m\u00e1s me ilusion\u00f3 de aprender a leer fue poder leer yo sola esas postales. <\/p>\n<p>A m\u00ed me ense\u00f1\u00f3 a leer mi madre en casa porque no empec\u00e9 al colegio hasta los seis a\u00f1os (en mi \u00e9poca los ni\u00f1os hac\u00eda parvulario, pero no era obligatorio). Como me gustaba tanto que me leyeran, puse mucho inter\u00e9s en aprender porque me imaginaba que iba a disfrutar el doble leyendo yo los cuentos (desde peque\u00f1a he llevado a cabo ese lema punk de make yourself). Y en cuanto supe leer bien, quise comprarme el libro de Alicia en el Pa\u00eds de las Maravillas, pero el de verdad, no esos cuentos abreviados que me hab\u00edan le\u00eddo. No consent\u00ed que me lo regalaran mis padres, quer\u00eda comprarlo yo con el dinero que me hab\u00eda ido dando la taca\u00f1a t\u00eda Asunci\u00f3n. Recuerdo que el libro cost\u00f3 cuatrocientas pesetas y que mi madre tuvo que poner cinco duros porque no me llegaba. <\/p>\n<p>Le\u00ed las aventuras de Alicia en el s\u00f3tano de casa de mi abuela, un cuartucho al que se acced\u00eda por la parte de atr\u00e1s y al que los adultos s\u00f3lo pod\u00edan entrar a gatas de lo peque\u00f1a que era la puerta, as\u00ed que me sent\u00eda bastante metida en el Pa\u00eds de las Maravillas. Ese s\u00f3tano, tan peque\u00f1o que s\u00f3lo hab\u00eda servido para que los hermanos de mi abuela se escondieran durante la Guerra Civil, fue el lugar en el que le\u00ed tantos libros y tantas veces me escond\u00ed jugando, porque hab\u00eda telas de ara\u00f1a y ninguno de mis primos se atrev\u00eda a entrar. Era el lugar donde guardaba mis libros, mis tesoros, en una caja de madera que hab\u00eda servido antes para guardar botellas de vino. Pero cuando ten\u00eda siete a\u00f1os, los libros desaparecieron del s\u00f3tano. Nunca tuvimos constancia de qui\u00e9n hab\u00eda sido, pero siempre cre\u00edmos que la culpable era una vecina de mi edad a la que me negu\u00e9 a dejar m\u00e1s libros despu\u00e9s de que me devolviera El flautista de Hamelin todo manchado de chocolate. <\/p>\n<p>Hace un par de a\u00f1os, paseando por Oviedo, vi en el escaparate de una librer\u00eda este libro de Alicia cuya imagen aparece en este post. Me lo compr\u00e9 y volv\u00ed a leerlo. Me pareci\u00f3 tan m\u00e1gico como la primera vez. <\/p>\n<p>Alicia en el Pa\u00eds de las Maravillas no s\u00f3lo es un libro para ni\u00f1os, sino para todas aquellas personas con imaginaci\u00f3n y ganas de desafiar la l\u00f3gica. Es un libro sobre la libertad y la valent\u00eda. Y para m\u00ed es muy especial porque, de peque\u00f1a, al ver por primera vez las ilustraciones de Alicia, yo cre\u00ed que el dibujante me estaba retratando a m\u00ed y que, en realidad, Alicia era yo.<br \/>\n<br<<\/p>\n<p><em><strong>PALABRAS EN EL TIEMPO<\/strong><\/em><br \/>\nPor <em>MARISA DE LA PE\u00d1A\u2003<\/em><\/p>\n<p><a href='http:\/\/enredandopalabras.es\/blog\/enredandopalabras\/wp-content\/uploads\/2008\/08\/machado2.jpg' title='machado2.jpg'><img src='http:\/\/enredandopalabras.es\/blog\/enredandopalabras\/wp-content\/uploads\/2008\/08\/machado2.thumbnail.jpg' alt='machado2.jpg' \/><\/a><\/p>\n<p><em>Ni m\u00e1rmol duro y eterno,<br \/>\nni m\u00fasica ni pintura,<br \/>\nsino palabra en el  tiempo.\u201d<\/em><br \/>\nAntonio Machado<\/p>\n<p>Machado es, sin duda, el primero de los grandes poetas que marc\u00f3 mi educaci\u00f3n sentimental y literaria. Con \u00e9l descubr\u00ed la palabra po\u00e9tica y me empap\u00e9 de emociones sencillas y profundas, que no hicieron sino enraizarse cada vez m\u00e1s en mi interior.<br \/>\nMis primeras lecciones de filosof\u00eda vinieron de la mano de sus <em>Proverbios y cantares<\/em>, pensamientos condesados en versos breves y sentenciosos que invitan a la reflexi\u00f3n sobre los grandes temas que preocupan desde siempre al ser humano: la VIDA, la MUERTE, el TIEMPO y el AMOR.<br \/>\nHacer una selecci\u00f3n de sus poemas es casi imposible. Todos resultan insustituibles y necesarios para comprender su evoluci\u00f3n po\u00e9tica y su concepto de la poes\u00eda como \u201c<em>honda palpitaci\u00f3n del esp\u00edritu\u201d, <\/em>como \u201d<em>palabra en el tiempo<\/em>\u201d. Sigamos leyendo  a este poeta sincero, directo y necesario, que a trav\u00e9s de su palabra nos engrandece, nos enriquece y nos vuelve m\u00e1s humanos.  <\/p>\n","protected":false},"excerpt":{"rendered":"<p>OTO\u00d1O CON LORCA Por MARISA DE LA PE\u00d1A Se cumple ahora otro triste aniversario del asesinato de uno de nuestros grandes escritores. Por eso quiero inaugurar esta secci\u00f3n con la influencia que tuvo en m\u00ed la lectura de los Sonetos del amor oscuro de Federico Garc\u00eda Lorca. \u201cTardar\u00e1 mucho tiempo en nacer, si es que &hellip; <a href=\"http:\/\/blog.enredandopalabras.es\/?page_id=179\" class=\"more-link\">Continuar leyendo<span class=\"screen-reader-text\"> \u00abLibros que nos marcaron para siempre.\u00bb<\/span><\/a><\/p>\n","protected":false},"author":1,"featured_media":0,"parent":0,"menu_order":0,"comment_status":"open","ping_status":"open","template":"","meta":{"footnotes":""},"class_list":["post-179","page","type-page","status-publish","hentry"],"_links":{"self":[{"href":"http:\/\/blog.enredandopalabras.es\/index.php?rest_route=\/wp\/v2\/pages\/179","targetHints":{"allow":["GET"]}}],"collection":[{"href":"http:\/\/blog.enredandopalabras.es\/index.php?rest_route=\/wp\/v2\/pages"}],"about":[{"href":"http:\/\/blog.enredandopalabras.es\/index.php?rest_route=\/wp\/v2\/types\/page"}],"author":[{"embeddable":true,"href":"http:\/\/blog.enredandopalabras.es\/index.php?rest_route=\/wp\/v2\/users\/1"}],"replies":[{"embeddable":true,"href":"http:\/\/blog.enredandopalabras.es\/index.php?rest_route=%2Fwp%2Fv2%2Fcomments&post=179"}],"version-history":[{"count":0,"href":"http:\/\/blog.enredandopalabras.es\/index.php?rest_route=\/wp\/v2\/pages\/179\/revisions"}],"wp:attachment":[{"href":"http:\/\/blog.enredandopalabras.es\/index.php?rest_route=%2Fwp%2Fv2%2Fmedia&parent=179"}],"curies":[{"name":"wp","href":"https:\/\/api.w.org\/{rel}","templated":true}]}}