{"id":35,"date":"2008-04-26T00:43:39","date_gmt":"2008-04-25T22:43:39","guid":{"rendered":"http:\/\/enredandopalabras.es\/blog\/enredandopalabras\/rincon-literario\/"},"modified":"2008-04-27T14:12:57","modified_gmt":"2008-04-27T12:12:57","slug":"rincon-literario","status":"publish","type":"page","link":"http:\/\/blog.enredandopalabras.es\/?page_id=35","title":{"rendered":"Rinc\u00f3n de lectura (I): Mis cl\u00e1sicos grecolatinos"},"content":{"rendered":"<p><a href=\"http:\/\/enredandopalabras.es\/blog\/enredandopalabras\/\">Volver a blog principal<\/a><\/p>\n<p><a href='http:\/\/enredandopalabras.es\/blog\/enredandopalabras\/wp-content\/uploads\/2008\/04\/image9691.gif' title='image9691.gif'><img src='http:\/\/enredandopalabras.es\/blog\/enredandopalabras\/wp-content\/uploads\/2008\/04\/image9691.thumbnail.gif' alt='image9691.gif' \/><\/a><br \/>\n<br \/>\n<em><strong>Releer a los cl\u00e1sicos<\/strong><\/em><br \/>\n\t\tLeer a los cl\u00e1sicos es siempre un gran reto que no siempre \testamos seguros de que vaya a resultar plenamente gratificante. Pero hay \tcl\u00e1sicos que no s\u00f3lo son indispensables, sino que todav\u00eda est\u00e1n plenamente \tvigentes y nos hacen disfrutar tanto o m\u00e1s que una \u00faltima novedad. Estos son los que yo he disfrutado especialmente en diferentes momentos de mi vida y de mi formaci\u00f3n. Te invito a que los disfrutes y saques tus propias conclusiones. No est\u00e1n todos los que son, pero son todos los que est\u00e1n.<\/p>\n<p> <strong><em>Cl\u00e1sicos grecolatinos<\/em><\/strong><\/p>\n<p><a href='http:\/\/enredandopalabras.es\/blog\/enredandopalabras\/wp-content\/uploads\/2008\/04\/cac42nzuok.jpg' title='cac42nzuok.jpg'><img src='http:\/\/enredandopalabras.es\/blog\/enredandopalabras\/wp-content\/uploads\/2008\/04\/cac42nzuok.thumbnail.jpg' alt='cac42nzuok.jpg' \/><\/a><\/p>\n<p><em><strong> La poetisa griega Safo de Lesbos <\/strong><\/em><\/p>\n<p> Safo plasma en sus poemas la pasi\u00f3n amorosa de manera desnuda, sin ornamentos, como una fuerza irracional,que se apodera del ser humano y se manifiesta en diversas formas, como los celos, el deseo o una intangible nostalgia. La  sinceridad a la hora de expresar sus sentimientos amorosos hace que el lector se identifique con ella inmediatamente a pesar del paso de los siglos y teniendo en cuenta que hablamos de poes\u00eda griega arcaica.<br \/>\nPara saber m\u00e1s son \u00fatiles las siguientes obras y enlaces:<\/p>\n<p>Juan Manuel Mac\u00edas en su blog<a href=\"http:\/\/diosas-nubes.blogspot.com\/2008\/04\/fernndez-galiano-y-safo-y-ii.html\"> Las diosas y las nubes<\/a>.<br \/>Tambi\u00e9n sus traducciones en DVD ediciones<\/p>\n<p><em>Antolog\u00eda de la poes\u00eda l\u00edrica griega.<\/em> Carlos Garc\u00eda Gual. Ed. Alianza<\/p>\n<p><em>Safo. Poemas y fragmentos<\/em>. Juan Manuel Rodr\u00edguez Tobal. Ed Hiperi\u00f3n. Madrid;<\/p>\n<p><a href=\"http:\/\/mujeresriot.webcindario.com\/Safo_de_Lesbos.htm\">Safo, La D\u00e9cima Musa <\/a><\/p>\n<p><em><strong>Menandro<\/strong> <\/em><br \/>\n Autor teatral griego, esc\u00e9ptico en lo religioso, posee una concepci\u00f3n optimista de la naturaleza humana (\u00ab\u00a1Qu\u00e9 cosa tan agradable el hombre, cuando es hombre!\u00bb), por su fe en la solidaridad con el semejante (\u00absoy hombre y nada de lo humano me es ajeno\u00bb) y su creencia de que la virtud, por encima de las diferencias de raza o de estamento social, es patrimonio com\u00fan del g\u00e9nero humano. Puede tenerse por el m\u00e1s cabal formulador de los ideales del Humanismo<br \/>\nSobre el autor y su obra son \u00fatiles los siguientes t\u00edtulos publicados:<\/p>\n<p>Menandro (1999), <em>Proverbios griegos\/ Sentencias<\/em>, Madrid. Editorial Gredos<br \/>\n<em>Comedias<\/em>, Madrid: Editorial Gredos. <\/p>\n<p><em><strong>Eur\u00edpides<\/strong><\/em><br \/>\n\tSus obras, aun mostrando episodios del pasado \u00e9pico de Grecia ,   eran aplicables al tiempo en que escribi\u00f3 e incluso a cualquier \u00e9poca y lugar, sobre todo en lo referente  a las crueldades de la guerra. <em>Troyanas<\/em> (415 adC) es un canto antibelicista lleno de dramatismo que muestra  las consecuencias de las guerras. Canta a la crueldad de los vencedores, que en su desmesura, (hybris) no tienen piedad con los vencidos, ni respeto a los dioses, ya que profanan sus templos. Ni siquiera tienen consideraci\u00f3n con los ni\u00f1os, manifestando as\u00ed abiertamente su temor a ellos cuando crezcan. H\u00e9cuba exclama ante la visi\u00f3n del peque\u00f1o cuerpo inerte del hijo de Hector: \u201cahora que la ciudad ha sido tomada y destruidos los frigios, ten\u00e9is miedo de un ni\u00f1o peque\u00f1o. No alabo el miedo de quien teme reflexionar\u201d<br \/>\nRepresenta las desgracias de un grupo de mujeres troyanas capturadas por los ofensores griegos en el marco de la Guerra de Troya, pero no deja de ser en un sentido m\u00e1s amplio un firme alegato contra el absurdo y el horror de la guerra ( \u00ab<em>dime t\u00fa ciudadano que me miras: \u00bfes que a caso mi guerra no es tu guerra<\/em>?\u00bb).<\/p>\n<p>\t\t<em><strong>Plutarco<\/strong> <\/em><br \/>\n\tM\u00e1s moralista que fil\u00f3sofo e historiador, fue uno de los \u00faltimos grandes representantes del helenismo durante la segunda sof\u00edstica, cuando ya tocaba a su fin y uno de los grandes momentos de la literatura hel\u00e9nica de todos los tiempos. Su obra  m\u00e1s importante  son las <em>Vidas Paralelas<\/em>, biograf\u00edas de griegos y romanos famosos, elaborada en forma de parejas con el fin de comparar sus virtudes y defectos comunes.<br \/>\nEntre sus citas m\u00e1s conocidas podemos destacar las siguientes:<br \/>\n\u201c<em>La mente no es un vaso para llenar, sino una l\u00e1mpara para encender\u201d<\/em>\u201c<em>La maldad contiene los motivos de su propio tormento. Es un maravilloso artesano de una vida miserable<\/em>\u201d <\/p>\n<p>Plutarco (1985\/2007 (en preparaci\u00f3n)), <em>Vidas Paralelas<\/em>, Obra completa. Madrid: Editorial Gredos.<br \/>\nM\u00e1s sentencias y frases en <a href=\"http:\/\/www.proverbia.net\/citasautor.asp?autor=768\">Proverbia.net<\/a><\/p>\n<p><em><strong>Cayo Valerio Catulo<\/strong><\/em><\/p>\n<p> \tUno de los autores de l\u00edrica amorosa m\u00e1s intensos de todos los tiempos. Carl Orff, m\u00fasico alem\u00e1n, que puso m\u00fasica a algunos de los versos encontrados en la abad\u00eda de Bura Sancti Benedicti (Carmina Burana), tambi\u00e9n puso m\u00fasica a los <em>Catulli Carmina<\/em>, a\u00f1adiendo un pr\u00f3logo y un ep\u00edlogo de su propia creaci\u00f3n.<br \/>\nPara leer los poemas de Catulo:<br \/>\nCatulo, Cayo Valerio; Tibulo, Albio (1993), <em>Poemas; Eleg\u00edas<\/em>, Madrid: Editorial Gredos<br \/> <a href=\"http:\/\/es.wikiquote.org\/wiki\/Cayo_Valerio_Catulo\">Frases c\u00e9lebres <\/a>de o sobre Catulo<\/p>\n<p><em><strong>Publio Ovidio Nas\u00f3n<\/strong><\/em><br \/>\nFamoso por sus obras <em>Ars amandi <\/em>y <em>Las metamorfosis<\/em>, obra en verso sobre la mitolog\u00eda de su \u00e9poca. Son de destacar tambi\u00e9n<em> Heroidas <\/em>y <em>Tristes, <\/em><br \/>\nPara leer la obra de Ovidio:<br \/>\nOvidio Nas\u00f3n, Publio (1994), <em>Cartas de las hero\u00ednas<\/em>; Ibis, Madrid: Editorial Gredos.<br \/>\n. \u2014 (1995), <em>Amores; Arte de amar; Sobre la cosm\u00e9tica del rostro femenino; Remedios contra el amor<\/em>, Madrid: Editorial Gredos<br \/>\n(1992), <em>Tristes; P\u00f3nticas,<\/em> Madrid: Editorial Gredos. <\/p>\n<p>Son interesantes los enlaces:<br \/><a href=\"http:\/\/es.wikiquote.org\/wiki\/Ovidio\">Frases c\u00e9lebres <\/a>de o sobre<br \/>\nOvidio y <a href=\"http:\/\/www.ovidio.org\/\">Ovidio.org<\/a><\/p>\n<p><em><strong>Arist\u00f3fanes<\/strong><\/em><br \/>\nDestaca su comedia <em>Lis\u00edstra<\/em>. Irreverente, desafiante e hilarante comedia que no ha perdido frescura ni vigencia con el paso del tiempo.<\/p>\n<p><em><strong>Quinto Horacio Flaco <\/strong><\/em><br \/>\n\tEs el principal poeta l\u00edrico y sat\u00edrico en lengua latina.<br \/>\nEntre sus obras destacan las <em>S\u00e1tiras,<\/em> las<em> Odas <\/em>y las <em>Ep\u00edstolas<\/em> que tanto influyeron en  autores del Siglo de Oro espa\u00f1ol como Quevedo.<\/p>\n","protected":false},"excerpt":{"rendered":"<p>Volver a blog principal Releer a los cl\u00e1sicos Leer a los cl\u00e1sicos es siempre un gran reto que no siempre estamos seguros de que vaya a resultar plenamente gratificante. Pero hay cl\u00e1sicos que no s\u00f3lo son indispensables, sino que todav\u00eda est\u00e1n plenamente vigentes y nos hacen disfrutar tanto o m\u00e1s que una \u00faltima novedad. Estos &hellip; <a href=\"http:\/\/blog.enredandopalabras.es\/?page_id=35\" class=\"more-link\">Continuar leyendo<span class=\"screen-reader-text\"> \u00abRinc\u00f3n de lectura (I): Mis cl\u00e1sicos grecolatinos\u00bb<\/span><\/a><\/p>\n","protected":false},"author":1,"featured_media":0,"parent":0,"menu_order":0,"comment_status":"open","ping_status":"open","template":"","meta":{"footnotes":""},"class_list":["post-35","page","type-page","status-publish","hentry"],"_links":{"self":[{"href":"http:\/\/blog.enredandopalabras.es\/index.php?rest_route=\/wp\/v2\/pages\/35","targetHints":{"allow":["GET"]}}],"collection":[{"href":"http:\/\/blog.enredandopalabras.es\/index.php?rest_route=\/wp\/v2\/pages"}],"about":[{"href":"http:\/\/blog.enredandopalabras.es\/index.php?rest_route=\/wp\/v2\/types\/page"}],"author":[{"embeddable":true,"href":"http:\/\/blog.enredandopalabras.es\/index.php?rest_route=\/wp\/v2\/users\/1"}],"replies":[{"embeddable":true,"href":"http:\/\/blog.enredandopalabras.es\/index.php?rest_route=%2Fwp%2Fv2%2Fcomments&post=35"}],"version-history":[{"count":0,"href":"http:\/\/blog.enredandopalabras.es\/index.php?rest_route=\/wp\/v2\/pages\/35\/revisions"}],"wp:attachment":[{"href":"http:\/\/blog.enredandopalabras.es\/index.php?rest_route=%2Fwp%2Fv2%2Fmedia&parent=35"}],"curies":[{"name":"wp","href":"https:\/\/api.w.org\/{rel}","templated":true}]}}