{"id":61,"date":"2008-06-01T14:45:25","date_gmt":"2008-06-01T12:45:25","guid":{"rendered":"http:\/\/enredandopalabras.es\/blog\/enredandopalabras\/mi-musica\/"},"modified":"2010-11-27T19:22:16","modified_gmt":"2010-11-27T17:22:16","slug":"mi-musica","status":"publish","type":"page","link":"http:\/\/blog.enredandopalabras.es\/?page_id=61","title":{"rendered":"Mi m\u00fasica"},"content":{"rendered":"<p><object width=\"425\" height=\"355\"><param name=\"movie\" value=\"http:\/\/www.youtube.com\/v\/Qhh8MaRnzMc&#038;hl=en\"><\/param><param name=\"wmode\" value=\"transparent\"><\/param><embed src=\"http:\/\/www.youtube.com\/v\/Qhh8MaRnzMc&#038;hl=en\" type=\"application\/x-shockwave-flash\" wmode=\"transparent\" width=\"425\" height=\"355\"><\/embed><\/object><br \/>\n<em><strong>Andrea Bocceli con te partiro<\/strong><\/em><\/p>\n<p><object width=\"425\" height=\"355\"><param name=\"movie\" value=\"http:\/\/www.youtube.com\/v\/GBZT53Vuvho&#038;hl=en\"><\/param><param name=\"wmode\" value=\"transparent\"><\/param><embed src=\"http:\/\/www.youtube.com\/v\/GBZT53Vuvho&#038;hl=en\" type=\"application\/x-shockwave-flash\" wmode=\"transparent\" width=\"425\" height=\"355\"><\/embed><\/object><br \/>\n<em><strong>A. B. el canto della terra<\/strong><\/em><\/p>\n<p><object width=\"425\" height=\"355\"><param name=\"movie\" value=\"http:\/\/www.youtube.com\/v\/YbGKQ8YASCY&#038;hl=en\"><\/param><param name=\"wmode\" value=\"transparent\"><\/param><embed src=\"http:\/\/www.youtube.com\/v\/YbGKQ8YASCY&#038;hl=en\" type=\"application\/x-shockwave-flash\" wmode=\"transparent\" width=\"425\" height=\"355\"><\/embed><\/object><br \/>\n<em><strong>A.B. Nessun Dorma<\/strong><\/em><\/p>\n<p><object width=\"425\" height=\"355\"><param name=\"movie\" value=\"http:\/\/www.youtube.com\/v\/gBSiEnUf_qI&#038;hl=en\"><\/param><param name=\"wmode\" value=\"transparent\"><\/param><embed src=\"http:\/\/www.youtube.com\/v\/gBSiEnUf_qI&#038;hl=en\" type=\"application\/x-shockwave-flash\" wmode=\"transparent\" width=\"425\" height=\"355\"><\/embed><\/object><br \/>\n<em><strong> A.B. RESTA QUI<\/strong><\/em><\/p>\n<p><object width=\"425\" height=\"355\"><param name=\"movie\" value=\"http:\/\/www.youtube.com\/v\/OFMMlap9-YM&#038;hl=en\"><\/param><param name=\"wmode\" value=\"transparent\"><\/param><embed src=\"http:\/\/www.youtube.com\/v\/OFMMlap9-YM&#038;hl=en\" type=\"application\/x-shockwave-flash\" wmode=\"transparent\" width=\"425\" height=\"355\"><\/embed><\/object> <br \/>\n<em><strong>A.B. Y  DULCE PONTE. O MARE E TU<\/strong><\/em><\/p>\n<p><object width=\"425\" height=\"355\"><param name=\"movie\" value=\"http:\/\/www.youtube.com\/v\/Da6qSp-CJio&#038;hl=en\"><\/param><param name=\"wmode\" value=\"transparent\"><\/param><embed src=\"http:\/\/www.youtube.com\/v\/Da6qSp-CJio&#038;hl=en\" type=\"application\/x-shockwave-flash\" wmode=\"transparent\" width=\"425\" height=\"355\"><\/embed><\/object> <br \/>\n<em><strong>Pablo Milan\u00e9s. El breve espacio<\/strong><\/em><br \/>\n<object width=\"425\" height=\"355\"><param name=\"movie\" value=\"http:\/\/www.youtube.com\/v\/HAa7wYItEkQ&#038;hl=en\"><\/param><param name=\"wmode\" value=\"transparent\"><\/param><embed src=\"http:\/\/www.youtube.com\/v\/HAa7wYItEkQ&#038;hl=en\" type=\"application\/x-shockwave-flash\" wmode=\"transparent\" width=\"425\" height=\"355\"><\/embed><\/object><br \/>\n<em><strong>Lluis Llach. Un nuvol blanc.<\/strong><\/em><\/p>\n<p><object width=\"425\" height=\"355\"><param name=\"movie\" value=\"http:\/\/www.youtube.com\/v\/6nOhv5vGi8M&#038;hl=en\"><\/param><param name=\"wmode\" value=\"transparent\"><\/param><embed src=\"http:\/\/www.youtube.com\/v\/6nOhv5vGi8M&#038;hl=en\" type=\"application\/x-shockwave-flash\" wmode=\"transparent\" width=\"425\" height=\"355\"><\/embed><\/object><br \/>\n<em><strong>Ana Bel\u00e9n L\u00eda<\/strong><\/em><\/p>\n<p><object width=\"480\" height=\"385\"><param name=\"movie\" value=\"http:\/\/www.youtube.com\/v\/_rcs1OC2Sus?fs=1&amp;hl=es_ES\"><\/param><param name=\"allowFullScreen\" value=\"true\"><\/param><param name=\"allowscriptaccess\" value=\"always\"><\/param><embed src=\"http:\/\/www.youtube.com\/v\/_rcs1OC2Sus?fs=1&amp;hl=es_ES\" type=\"application\/x-shockwave-flash\" allowscriptaccess=\"always\" allowfullscreen=\"true\" width=\"480\" height=\"385\"><\/embed><\/object><\/p>\n","protected":false},"excerpt":{"rendered":"<p>Andrea Bocceli con te partiro A. B. el canto della terra A.B. Nessun Dorma A.B. RESTA QUI A.B. Y DULCE PONTE. O MARE E TU Pablo Milan\u00e9s. El breve espacio Lluis Llach. Un nuvol blanc. Ana Bel\u00e9n L\u00eda<\/p>\n","protected":false},"author":1,"featured_media":0,"parent":0,"menu_order":0,"comment_status":"open","ping_status":"open","template":"","meta":{"footnotes":""},"class_list":["post-61","page","type-page","status-publish","hentry"],"_links":{"self":[{"href":"http:\/\/blog.enredandopalabras.es\/index.php?rest_route=\/wp\/v2\/pages\/61","targetHints":{"allow":["GET"]}}],"collection":[{"href":"http:\/\/blog.enredandopalabras.es\/index.php?rest_route=\/wp\/v2\/pages"}],"about":[{"href":"http:\/\/blog.enredandopalabras.es\/index.php?rest_route=\/wp\/v2\/types\/page"}],"author":[{"embeddable":true,"href":"http:\/\/blog.enredandopalabras.es\/index.php?rest_route=\/wp\/v2\/users\/1"}],"replies":[{"embeddable":true,"href":"http:\/\/blog.enredandopalabras.es\/index.php?rest_route=%2Fwp%2Fv2%2Fcomments&post=61"}],"version-history":[{"count":0,"href":"http:\/\/blog.enredandopalabras.es\/index.php?rest_route=\/wp\/v2\/pages\/61\/revisions"}],"wp:attachment":[{"href":"http:\/\/blog.enredandopalabras.es\/index.php?rest_route=%2Fwp%2Fv2%2Fmedia&parent=61"}],"curies":[{"name":"wp","href":"https:\/\/api.w.org\/{rel}","templated":true}]}}