{"id":95,"date":"2008-06-04T19:04:21","date_gmt":"2008-06-04T17:04:21","guid":{"rendered":"http:\/\/enredandopalabras.es\/blog\/enredandopalabras\/un-rincon-de-cine\/"},"modified":"2008-06-04T21:47:18","modified_gmt":"2008-06-04T19:47:18","slug":"un-rincon-de-cine","status":"publish","type":"page","link":"http:\/\/blog.enredandopalabras.es\/?page_id=95","title":{"rendered":"Un rinc\u00f3n \u00abde cine\u00bb"},"content":{"rendered":"<p>Algunas pel\u00edculas forman parte de nuestra educaci\u00f3n sentimental. Van unidas a nuestras vivencias para siempre y son parte indispensable de nosotros mismos. Estas son algunas de las pel\u00edcula sque me han marcado en alg\u00fan momento y a las que se ir\u00e1n a\u00f1adiendo muchas m\u00e1s&#8230;Al menos eso espero.<br \/>\n<em><strong><br \/>\nUn toque de canela<\/strong><\/em><\/p>\n<p><object width=\"425\" height=\"344\"><param name=\"movie\" value=\"http:\/\/www.youtube.com\/v\/8GvAFEOExOM&#038;hl=en\"><\/param><param name=\"wmode\" value=\"transparent\"><\/param><embed src=\"http:\/\/www.youtube.com\/v\/8GvAFEOExOM&#038;hl=en\" type=\"application\/x-shockwave-flash\" wmode=\"transparent\" width=\"425\" height=\"344\"><\/embed><\/object><\/p>\n<p><em><strong>Una habitaci\u00f3n con vistas<\/strong><\/em><\/p>\n<p><object width=\"425\" height=\"344\"><param name=\"movie\" value=\"http:\/\/www.youtube.com\/v\/ImCiSqVIY7M&#038;hl=en\"><\/param><param name=\"wmode\" value=\"transparent\"><\/param><embed src=\"http:\/\/www.youtube.com\/v\/ImCiSqVIY7M&#038;hl=en\" type=\"application\/x-shockwave-flash\" wmode=\"transparent\" width=\"425\" height=\"344\"><\/embed><\/object><br \/>\n<em><strong><br \/>\n<em><strong>Vacaciones en Roma<\/strong><\/em><\/p>\n<p><object width=\"425\" height=\"344\"><param name=\"movie\" value=\"http:\/\/www.youtube.com\/v\/jITw1fREQtQ&#038;hl=en\"><\/param><param name=\"wmode\" value=\"transparent\"><\/param><embed src=\"http:\/\/www.youtube.com\/v\/jITw1fREQtQ&#038;hl=en\" type=\"application\/x-shockwave-flash\" wmode=\"transparent\" width=\"425\" height=\"344\"><\/embed><\/object><\/p>\n<p><strong><em>La vida es bella<\/em><\/strong><\/p>\n<p><object width=\"425\" height=\"344\"><param name=\"movie\" value=\"http:\/\/www.youtube.com\/v\/NBfjzzAVjWo&#038;hl=en\"><\/param><param name=\"wmode\" value=\"transparent\"><\/param><embed src=\"http:\/\/www.youtube.com\/v\/NBfjzzAVjWo&#038;hl=en\" type=\"application\/x-shockwave-flash\" wmode=\"transparent\" width=\"425\" height=\"344\"><\/embed><\/object><\/p>\n<p><em><strong>Memorias de \u00c1frica<\/strong><\/em><\/p>\n<p><object width=\"425\" height=\"344\"><param name=\"movie\" value=\"http:\/\/www.youtube.com\/v\/kF-lNumI2qk&#038;hl=en\"><\/param><param name=\"wmode\" value=\"transparent\"><\/param><embed src=\"http:\/\/www.youtube.com\/v\/kF-lNumI2qk&#038;hl=en\" type=\"application\/x-shockwave-flash\" wmode=\"transparent\" width=\"425\" height=\"344\"><\/embed><\/object><\/p>\n<p><em><strong>Billy Elliot<\/strong><\/em><\/p>\n<p><object width=\"425\" height=\"344\"><param name=\"movie\" value=\"http:\/\/www.youtube.com\/v\/UOGBTFFxOpY&#038;hl=en\"><\/param><param name=\"wmode\" value=\"transparent\"><\/param><embed src=\"http:\/\/www.youtube.com\/v\/UOGBTFFxOpY&#038;hl=en\" type=\"application\/x-shockwave-flash\" wmode=\"transparent\" width=\"425\" height=\"344\"><\/embed><\/object><\/p>\n<p><em><strong>La boda del Monz\u00f3n<\/strong><\/em><\/p>\n<p><object width=\"425\" height=\"344\"><param name=\"movie\" value=\"http:\/\/www.youtube.com\/v\/nh1nu3HHQo0&#038;hl=en\"><\/param><param name=\"wmode\" value=\"transparent\"><\/param><embed src=\"http:\/\/www.youtube.com\/v\/nh1nu3HHQo0&#038;hl=en\" type=\"application\/x-shockwave-flash\" wmode=\"transparent\" width=\"425\" height=\"344\"><\/embed><\/object><\/p>\n<p>La estrategia del caracol<br \/>\n <\/strong><\/em><\/p>\n<p><object width=\"425\" height=\"344\"><param name=\"movie\" value=\"http:\/\/www.youtube.com\/v\/LAet9eTMu0U&#038;hl=en\"><\/param><param name=\"wmode\" value=\"transparent\"><\/param><embed src=\"http:\/\/www.youtube.com\/v\/LAet9eTMu0U&#038;hl=en\" type=\"application\/x-shockwave-flash\" wmode=\"transparent\" width=\"425\" height=\"344\"><\/embed><\/object><\/p>\n<p><em><strong>Un lugar en el mundo<\/strong><\/em><\/p>\n<p><object width=\"425\" height=\"344\"><param name=\"movie\" value=\"http:\/\/www.youtube.com\/v\/CuJDPG9zR8M&#038;hl=en\"><\/param><param name=\"wmode\" value=\"transparent\"><\/param><embed src=\"http:\/\/www.youtube.com\/v\/CuJDPG9zR8M&#038;hl=en\" type=\"application\/x-shockwave-flash\" wmode=\"transparent\" width=\"425\" height=\"344\"><\/embed><\/object><\/p>\n<p><em><strong>Los amantes del Pont Neuf<\/strong><\/em><\/p>\n<p><object width=\"425\" height=\"344\"><param name=\"movie\" value=\"http:\/\/www.youtube.com\/v\/t-aaIGyK5cA&#038;hl=en\"><\/param><param name=\"wmode\" value=\"transparent\"><\/param><embed src=\"http:\/\/www.youtube.com\/v\/t-aaIGyK5cA&#038;hl=en\" type=\"application\/x-shockwave-flash\" wmode=\"transparent\" width=\"425\" height=\"344\"><\/embed><\/object><\/p>\n","protected":false},"excerpt":{"rendered":"<p>Algunas pel\u00edculas forman parte de nuestra educaci\u00f3n sentimental. Van unidas a nuestras vivencias para siempre y son parte indispensable de nosotros mismos. Estas son algunas de las pel\u00edcula sque me han marcado en alg\u00fan momento y a las que se ir\u00e1n a\u00f1adiendo muchas m\u00e1s&#8230;Al menos eso espero. Un toque de canela Una habitaci\u00f3n con vistas &hellip; <a href=\"http:\/\/blog.enredandopalabras.es\/?page_id=95\" class=\"more-link\">Continuar leyendo<span class=\"screen-reader-text\"> \u00abUn rinc\u00f3n \u00abde cine\u00bb\u00bb<\/span><\/a><\/p>\n","protected":false},"author":1,"featured_media":0,"parent":0,"menu_order":0,"comment_status":"open","ping_status":"open","template":"","meta":{"footnotes":""},"class_list":["post-95","page","type-page","status-publish","hentry"],"_links":{"self":[{"href":"http:\/\/blog.enredandopalabras.es\/index.php?rest_route=\/wp\/v2\/pages\/95","targetHints":{"allow":["GET"]}}],"collection":[{"href":"http:\/\/blog.enredandopalabras.es\/index.php?rest_route=\/wp\/v2\/pages"}],"about":[{"href":"http:\/\/blog.enredandopalabras.es\/index.php?rest_route=\/wp\/v2\/types\/page"}],"author":[{"embeddable":true,"href":"http:\/\/blog.enredandopalabras.es\/index.php?rest_route=\/wp\/v2\/users\/1"}],"replies":[{"embeddable":true,"href":"http:\/\/blog.enredandopalabras.es\/index.php?rest_route=%2Fwp%2Fv2%2Fcomments&post=95"}],"version-history":[{"count":0,"href":"http:\/\/blog.enredandopalabras.es\/index.php?rest_route=\/wp\/v2\/pages\/95\/revisions"}],"wp:attachment":[{"href":"http:\/\/blog.enredandopalabras.es\/index.php?rest_route=%2Fwp%2Fv2%2Fmedia&parent=95"}],"curies":[{"name":"wp","href":"https:\/\/api.w.org\/{rel}","templated":true}]}}